{"id":589046,"date":"2025-06-19T22:57:44","date_gmt":"2025-06-19T19:57:44","guid":{"rendered":"https:\/\/nextsnkr.com\/product\/x-miu-miu-530-cinnamon\/"},"modified":"2026-01-29T12:33:44","modified_gmt":"2026-01-29T09:33:44","slug":"x-miu-miu-530-cinnamon","status":"publish","type":"product","link":"https:\/\/nextsnkr.com\/de\/produkt\/x-miu-miu-530-cinnamon\/","title":{"rendered":"X Miu Miu 530 Cinnamon Wildleder Sneakers aus Italien"},"content":{"rendered":"<h2>X Miu Miu 530 Cinnamon Wildleder Sneakers aus Italien<\/h2>\n<p>&nbsp;<\/p>\n<p>Die stilvollen x Miu Miu 530 Cinnamon Sneakers sind aus hochwertigem Wildleder gefertigt, was Komfort und Haltbarkeit bietet. Die italienische Produktion garantiert erstklassige Qualit\u00e4t und elegantes Design. Das Modell ist ideal f\u00fcr den Alltag und die Schaffung eines modischen Bildes. W\u00e4hlen Sie das x Miu Miu 530 Cinnamon, um Stil, Komfort und Premium-Look zu kombinieren.<\/p>\n","protected":false},"excerpt":{"rendered":"<p>Die stilvollen x Miu Miu 530 Cinnamon Sneakers sind aus hochwertigem Wildleder gefertigt, was Komfort und Haltbarkeit bietet. Die italienische Produktion garantiert erstklassige Qualit\u00e4t und elegantes Design. Das Modell ist ideal f\u00fcr den Alltag und die Schaffung eines modischen Bildes. W\u00e4hlen Sie das x Miu Miu 530 Cinnamon, um Stil, Komfort und Premium-Look zu kombinieren.<\/p>\n","protected":false},"featured_media":589047,"comment_status":"open","ping_status":"open","template":"","meta":[],"product_brand":[],"product_cat":[3225,3226],"product_tag":[],"class_list":{"0":"post-589046","1":"product","2":"type-product","3":"status-publish","4":"has-post-thumbnail","6":"product_cat-all-product","7":"product_cat-krosivky","8":"pa_rozmir-910","9":"pa_rozmir-912","10":"pa_rozmir-914","11":"pa_rozmir-915","12":"pa_rozmir-916","13":"pa_rozmir-917","14":"pa_rozmir-918","15":"pa_rozmir-919","16":"pa_rozmir-920","17":"pa_rozmir-921","18":"pa_rozmir-922","20":"first","21":"instock","22":"purchasable","23":"product-type-variable"},"_links":{"self":[{"href":"https:\/\/nextsnkr.com\/de\/wp-json\/wp\/v2\/product\/589046","targetHints":{"allow":["GET"]}}],"collection":[{"href":"https:\/\/nextsnkr.com\/de\/wp-json\/wp\/v2\/product"}],"about":[{"href":"https:\/\/nextsnkr.com\/de\/wp-json\/wp\/v2\/types\/product"}],"replies":[{"embeddable":true,"href":"https:\/\/nextsnkr.com\/de\/wp-json\/wp\/v2\/comments?post=589046"}],"version-history":[{"count":0,"href":"https:\/\/nextsnkr.com\/de\/wp-json\/wp\/v2\/product\/589046\/revisions"}],"wp:featuredmedia":[{"embeddable":true,"href":"https:\/\/nextsnkr.com\/de\/wp-json\/wp\/v2\/media\/589047"}],"wp:attachment":[{"href":"https:\/\/nextsnkr.com\/de\/wp-json\/wp\/v2\/media?parent=589046"}],"wp:term":[{"taxonomy":"product_brand","embeddable":true,"href":"https:\/\/nextsnkr.com\/de\/wp-json\/wp\/v2\/product_brand?post=589046"},{"taxonomy":"product_cat","embeddable":true,"href":"https:\/\/nextsnkr.com\/de\/wp-json\/wp\/v2\/product_cat?post=589046"},{"taxonomy":"product_tag","embeddable":true,"href":"https:\/\/nextsnkr.com\/de\/wp-json\/wp\/v2\/product_tag?post=589046"}],"curies":[{"name":"wp","href":"https:\/\/api.w.org\/{rel}","templated":true}]}}