{"id":587340,"date":"2025-06-18T21:50:35","date_gmt":"2025-06-18T18:50:35","guid":{"rendered":"https:\/\/nextsnkr.com\/product\/dg-custom-2-zero-balck\/"},"modified":"2026-01-29T12:32:46","modified_gmt":"2026-01-29T09:32:46","slug":"dg-custom-2-zero-balck","status":"publish","type":"product","link":"https:\/\/nextsnkr.com\/de\/produkt\/dg-custom-2-zero-balck\/","title":{"rendered":"Sneakers DG Custom 2. Zero Black aus Leder und Wildleder"},"content":{"rendered":"<h2>Sneakers DG Custom 2. Zero Black aus Leder und Wildleder<\/h2>\n<p>&nbsp;<\/p>\n<p>Stilvolle Sneakers DG Custom 2.Die Zero Black sind aus hochwertigem Leder und Wildleder gefertigt und sorgen f\u00fcr Komfort und Haltbarkeit. Ideal f\u00fcr das t\u00e4gliche Tragen, Wandern und Outdoor-Aktivit\u00e4ten. Das einzigartige Design unterstreicht den individuellen Stil und verleiht Ihrem Look einen modischen Akzent. Diese DG Sneakers kombinieren Qualit\u00e4t, Stil und Praktikabilit\u00e4t in einem Produkt.<\/p>\n","protected":false},"excerpt":{"rendered":"<p>Stilvolle Sneakers DG Custom 2.Die Zero Black sind aus hochwertigem Leder und Wildleder gefertigt und sorgen f\u00fcr Komfort und Haltbarkeit. Ideal f\u00fcr das t\u00e4gliche Tragen, Wandern und Outdoor-Aktivit\u00e4ten. Das einzigartige Design unterstreicht den individuellen Stil und verleiht Ihrem Look einen modischen Akzent. Diese DG Sneakers kombinieren Qualit\u00e4t, Stil und Praktikabilit\u00e4t in einem Produkt.<\/p>\n","protected":false},"featured_media":587341,"comment_status":"open","ping_status":"open","template":"","meta":[],"product_brand":[],"product_cat":[3225,3320],"product_tag":[],"class_list":{"0":"post-587340","1":"product","2":"type-product","3":"status-publish","4":"has-post-thumbnail","6":"product_cat-all-product","7":"product_cat-kedy","8":"pa_rozmir-910","9":"pa_rozmir-912","10":"pa_rozmir-914","11":"pa_rozmir-915","12":"pa_rozmir-916","13":"pa_rozmir-917","14":"pa_rozmir-918","15":"pa_rozmir-919","16":"pa_rozmir-920","17":"pa_rozmir-921","18":"pa_rozmir-922","20":"first","21":"instock","22":"purchasable","23":"product-type-variable"},"_links":{"self":[{"href":"https:\/\/nextsnkr.com\/de\/wp-json\/wp\/v2\/product\/587340","targetHints":{"allow":["GET"]}}],"collection":[{"href":"https:\/\/nextsnkr.com\/de\/wp-json\/wp\/v2\/product"}],"about":[{"href":"https:\/\/nextsnkr.com\/de\/wp-json\/wp\/v2\/types\/product"}],"replies":[{"embeddable":true,"href":"https:\/\/nextsnkr.com\/de\/wp-json\/wp\/v2\/comments?post=587340"}],"version-history":[{"count":0,"href":"https:\/\/nextsnkr.com\/de\/wp-json\/wp\/v2\/product\/587340\/revisions"}],"wp:featuredmedia":[{"embeddable":true,"href":"https:\/\/nextsnkr.com\/de\/wp-json\/wp\/v2\/media\/587341"}],"wp:attachment":[{"href":"https:\/\/nextsnkr.com\/de\/wp-json\/wp\/v2\/media?parent=587340"}],"wp:term":[{"taxonomy":"product_brand","embeddable":true,"href":"https:\/\/nextsnkr.com\/de\/wp-json\/wp\/v2\/product_brand?post=587340"},{"taxonomy":"product_cat","embeddable":true,"href":"https:\/\/nextsnkr.com\/de\/wp-json\/wp\/v2\/product_cat?post=587340"},{"taxonomy":"product_tag","embeddable":true,"href":"https:\/\/nextsnkr.com\/de\/wp-json\/wp\/v2\/product_tag?post=587340"}],"curies":[{"name":"wp","href":"https:\/\/api.w.org\/{rel}","templated":true}]}}