{"id":585814,"date":"2025-06-19T21:19:41","date_gmt":"2025-06-19T18:19:41","guid":{"rendered":"https:\/\/nextsnkr.com\/product\/air-jordan-retro-4-metallic-green\/"},"modified":"2026-01-29T12:32:02","modified_gmt":"2026-01-29T09:32:02","slug":"air-jordan-retro-4-metallic-green","status":"publish","type":"product","link":"https:\/\/nextsnkr.com\/de\/produkt\/air-jordan-retro-4-metallic-green\/","title":{"rendered":"Sneakers AIR JORDAN RETRO 4&#8243; METALLIC GREEN &#8220; Leder f\u00fcr Sport und Stil"},"content":{"rendered":"<h2>Sneakers AIR JORDAN RETRO 4&#8243; METALLIC GREEN &#8220; Leder f\u00fcr Sport und Stil<\/h2>\n<p>&nbsp;<\/p>\n<p>Die AIR JORDAN RETRO 4\u00bb METALLIC GREEN &#8220; Sneakers sind aus hochwertigem Leder gefertigt und sorgen f\u00fcr Strapazierf\u00e4higkeit und Tragekomfort. Das legend\u00e4re Design der Marke Jordan verbindet sportlichen Stil mit l\u00e4ssiger Eleganz. Sie sind ideal f\u00fcr Outdoor-Aktivit\u00e4ten, Training oder Spazierg\u00e4nge in der Stadt und betonen Individualit\u00e4t und guten Geschmack. W\u00e4hlen Sie den AIR JORDAN RETRO 4 f\u00fcr einen zuverl\u00e4ssigen und stilvollen Schuh jeden Tag.<\/p>\n","protected":false},"excerpt":{"rendered":"<p>Die AIR JORDAN RETRO 4\u00bb METALLIC GREEN &#8220; Sneakers sind aus hochwertigem Leder gefertigt und sorgen f\u00fcr Strapazierf\u00e4higkeit und Tragekomfort. Das legend\u00e4re Design der Marke Jordan verbindet sportlichen Stil mit l\u00e4ssiger Eleganz. Sie sind ideal f\u00fcr Outdoor-Aktivit\u00e4ten, Training oder Spazierg\u00e4nge in der Stadt und betonen Individualit\u00e4t und guten Geschmack. W\u00e4hlen Sie den AIR JORDAN RETRO 4 f\u00fcr einen zuverl\u00e4ssigen und stilvollen Schuh jeden Tag.<\/p>\n","protected":false},"featured_media":585815,"comment_status":"open","ping_status":"open","template":"","meta":[],"product_brand":[],"product_cat":[3385,3225,3226],"product_tag":[],"class_list":{"0":"post-585814","1":"product","2":"type-product","3":"status-publish","4":"has-post-thumbnail","6":"product_cat-nike-jordan","7":"product_cat-all-product","8":"product_cat-krosivky","9":"pa_rozmir-910","10":"pa_rozmir-912","11":"pa_rozmir-914","12":"pa_rozmir-915","13":"pa_rozmir-916","14":"pa_rozmir-917","15":"pa_rozmir-918","16":"pa_rozmir-919","17":"pa_rozmir-920","18":"pa_rozmir-921","19":"pa_rozmir-922","21":"first","22":"onbackorder","23":"purchasable","24":"product-type-variable"},"_links":{"self":[{"href":"https:\/\/nextsnkr.com\/de\/wp-json\/wp\/v2\/product\/585814","targetHints":{"allow":["GET"]}}],"collection":[{"href":"https:\/\/nextsnkr.com\/de\/wp-json\/wp\/v2\/product"}],"about":[{"href":"https:\/\/nextsnkr.com\/de\/wp-json\/wp\/v2\/types\/product"}],"replies":[{"embeddable":true,"href":"https:\/\/nextsnkr.com\/de\/wp-json\/wp\/v2\/comments?post=585814"}],"version-history":[{"count":0,"href":"https:\/\/nextsnkr.com\/de\/wp-json\/wp\/v2\/product\/585814\/revisions"}],"wp:featuredmedia":[{"embeddable":true,"href":"https:\/\/nextsnkr.com\/de\/wp-json\/wp\/v2\/media\/585815"}],"wp:attachment":[{"href":"https:\/\/nextsnkr.com\/de\/wp-json\/wp\/v2\/media?parent=585814"}],"wp:term":[{"taxonomy":"product_brand","embeddable":true,"href":"https:\/\/nextsnkr.com\/de\/wp-json\/wp\/v2\/product_brand?post=585814"},{"taxonomy":"product_cat","embeddable":true,"href":"https:\/\/nextsnkr.com\/de\/wp-json\/wp\/v2\/product_cat?post=585814"},{"taxonomy":"product_tag","embeddable":true,"href":"https:\/\/nextsnkr.com\/de\/wp-json\/wp\/v2\/product_tag?post=585814"}],"curies":[{"name":"wp","href":"https:\/\/api.w.org\/{rel}","templated":true}]}}