{"id":585476,"date":"2025-06-19T21:25:39","date_gmt":"2025-06-19T18:25:39","guid":{"rendered":"https:\/\/nextsnkr.com\/product\/air-jordan-retro-4-white-beige-green\/"},"modified":"2026-01-29T12:31:52","modified_gmt":"2026-01-29T09:31:52","slug":"air-jordan-retro-4-white-beige-green","status":"publish","type":"product","link":"https:\/\/nextsnkr.com\/de\/produkt\/air-jordan-retro-4-white-beige-green\/","title":{"rendered":"Sneakers Air Jordan Retro 4 White \/ Beige \/ Green &#8211; Premium-Leder"},"content":{"rendered":"<h2>Sneakers Air Jordan Retro 4 White \/ Beige \/ Green &#8211; Premium-Leder<\/h2>\n<p>&nbsp;<\/p>\n<p>Die stilvollen Air Jordan Retro 4 White\/Beige\/Green Sneakers sind aus hochwertigem Leder gefertigt und sorgen f\u00fcr Komfort und Haltbarkeit. Ideal f\u00fcr das t\u00e4gliche Tragen und den sportlichen Stil, kombinieren sie elegantes Design mit Praktikabilit\u00e4t. Die klassische Kombination aus Wei\u00df, Beige und Gr\u00fcn macht das Modell f\u00fcr verschiedene Bilder universell. Mit der Wahl des Air Jordan Retro 4 erhalten Sie bei jedem Schritt Komfort, Stil und Zuverl\u00e4ssigkeit.<\/p>\n","protected":false},"excerpt":{"rendered":"<p>Die stilvollen Air Jordan Retro 4 White\/Beige\/Green Sneakers sind aus hochwertigem Leder gefertigt und sorgen f\u00fcr Komfort und Haltbarkeit. Ideal f\u00fcr das t\u00e4gliche Tragen und den sportlichen Stil, kombinieren sie elegantes Design mit Praktikabilit\u00e4t. Die klassische Kombination aus Wei\u00df, Beige und Gr\u00fcn macht das Modell f\u00fcr verschiedene Bilder universell. Mit der Wahl des Air Jordan Retro 4 erhalten Sie bei jedem Schritt Komfort, Stil und Zuverl\u00e4ssigkeit.<\/p>\n","protected":false},"featured_media":585477,"comment_status":"open","ping_status":"open","template":"","meta":[],"product_brand":[],"product_cat":[3385,3225,3226],"product_tag":[],"class_list":{"0":"post-585476","1":"product","2":"type-product","3":"status-publish","4":"has-post-thumbnail","6":"product_cat-nike-jordan","7":"product_cat-all-product","8":"product_cat-krosivky","9":"pa_rozmir-910","10":"pa_rozmir-912","11":"pa_rozmir-914","12":"pa_rozmir-915","13":"pa_rozmir-916","14":"pa_rozmir-917","15":"pa_rozmir-918","16":"pa_rozmir-919","17":"pa_rozmir-920","18":"pa_rozmir-921","19":"pa_rozmir-922","21":"first","22":"instock","23":"purchasable","24":"product-type-variable"},"_links":{"self":[{"href":"https:\/\/nextsnkr.com\/de\/wp-json\/wp\/v2\/product\/585476","targetHints":{"allow":["GET"]}}],"collection":[{"href":"https:\/\/nextsnkr.com\/de\/wp-json\/wp\/v2\/product"}],"about":[{"href":"https:\/\/nextsnkr.com\/de\/wp-json\/wp\/v2\/types\/product"}],"replies":[{"embeddable":true,"href":"https:\/\/nextsnkr.com\/de\/wp-json\/wp\/v2\/comments?post=585476"}],"version-history":[{"count":0,"href":"https:\/\/nextsnkr.com\/de\/wp-json\/wp\/v2\/product\/585476\/revisions"}],"wp:featuredmedia":[{"embeddable":true,"href":"https:\/\/nextsnkr.com\/de\/wp-json\/wp\/v2\/media\/585477"}],"wp:attachment":[{"href":"https:\/\/nextsnkr.com\/de\/wp-json\/wp\/v2\/media?parent=585476"}],"wp:term":[{"taxonomy":"product_brand","embeddable":true,"href":"https:\/\/nextsnkr.com\/de\/wp-json\/wp\/v2\/product_brand?post=585476"},{"taxonomy":"product_cat","embeddable":true,"href":"https:\/\/nextsnkr.com\/de\/wp-json\/wp\/v2\/product_cat?post=585476"},{"taxonomy":"product_tag","embeddable":true,"href":"https:\/\/nextsnkr.com\/de\/wp-json\/wp\/v2\/product_tag?post=585476"}],"curies":[{"name":"wp","href":"https:\/\/api.w.org\/{rel}","templated":true}]}}