{"id":584290,"date":"2025-06-19T21:39:14","date_gmt":"2025-06-19T18:39:14","guid":{"rendered":"https:\/\/nextsnkr.com\/product\/v2k-runtekk-green\/"},"modified":"2026-01-29T12:31:19","modified_gmt":"2026-01-29T09:31:19","slug":"v2k-runtekk-green","status":"publish","type":"product","link":"https:\/\/nextsnkr.com\/de\/produkt\/v2k-runtekk-green\/","title":{"rendered":"V2K Runtekk Green Sneakers aus Leder und Textil"},"content":{"rendered":"<h2>V2K Runtekk Green Sneakers aus Leder und Textil<\/h2>\n<p>&nbsp;<\/p>\n<p>Die V2K Runtekk Green Sneakers kombinieren Leder und Textilien und bieten Komfort und Haltbarkeit. Ideal f\u00fcr den Alltag und Outdoor-Aktivit\u00e4ten, garantieren diese stilvollen Sneakers von V2K Zuverl\u00e4ssigkeit und ein modernes Design. Eine Wahl f\u00fcr diejenigen, die Qualit\u00e4t und Komfort bei jedem Schritt sch\u00e4tzen.<\/p>\n","protected":false},"excerpt":{"rendered":"<p>Die V2K Runtekk Green Sneakers kombinieren Leder und Textilien und bieten Komfort und Haltbarkeit. Ideal f\u00fcr den Alltag und Outdoor-Aktivit\u00e4ten, garantieren diese stilvollen Sneakers von V2K Zuverl\u00e4ssigkeit und ein modernes Design. Eine Wahl f\u00fcr diejenigen, die Qualit\u00e4t und Komfort bei jedem Schritt sch\u00e4tzen.<\/p>\n","protected":false},"featured_media":584291,"comment_status":"open","ping_status":"open","template":"","meta":[],"product_brand":[],"product_cat":[3225,3226],"product_tag":[],"class_list":{"0":"post-584290","1":"product","2":"type-product","3":"status-publish","4":"has-post-thumbnail","6":"product_cat-all-product","7":"product_cat-krosivky","8":"pa_rozmir-910","9":"pa_rozmir-912","10":"pa_rozmir-914","11":"pa_rozmir-915","12":"pa_rozmir-916","13":"pa_rozmir-917","14":"pa_rozmir-918","15":"pa_rozmir-919","16":"pa_rozmir-920","17":"pa_rozmir-921","18":"pa_rozmir-922","20":"first","21":"instock","22":"purchasable","23":"product-type-variable"},"_links":{"self":[{"href":"https:\/\/nextsnkr.com\/de\/wp-json\/wp\/v2\/product\/584290","targetHints":{"allow":["GET"]}}],"collection":[{"href":"https:\/\/nextsnkr.com\/de\/wp-json\/wp\/v2\/product"}],"about":[{"href":"https:\/\/nextsnkr.com\/de\/wp-json\/wp\/v2\/types\/product"}],"replies":[{"embeddable":true,"href":"https:\/\/nextsnkr.com\/de\/wp-json\/wp\/v2\/comments?post=584290"}],"version-history":[{"count":0,"href":"https:\/\/nextsnkr.com\/de\/wp-json\/wp\/v2\/product\/584290\/revisions"}],"wp:featuredmedia":[{"embeddable":true,"href":"https:\/\/nextsnkr.com\/de\/wp-json\/wp\/v2\/media\/584291"}],"wp:attachment":[{"href":"https:\/\/nextsnkr.com\/de\/wp-json\/wp\/v2\/media?parent=584290"}],"wp:term":[{"taxonomy":"product_brand","embeddable":true,"href":"https:\/\/nextsnkr.com\/de\/wp-json\/wp\/v2\/product_brand?post=584290"},{"taxonomy":"product_cat","embeddable":true,"href":"https:\/\/nextsnkr.com\/de\/wp-json\/wp\/v2\/product_cat?post=584290"},{"taxonomy":"product_tag","embeddable":true,"href":"https:\/\/nextsnkr.com\/de\/wp-json\/wp\/v2\/product_tag?post=584290"}],"curies":[{"name":"wp","href":"https:\/\/api.w.org\/{rel}","templated":true}]}}