{"id":582936,"date":"2025-06-19T21:58:23","date_gmt":"2025-06-19T18:58:23","guid":{"rendered":"https:\/\/nextsnkr.com\/product\/pixel\/"},"modified":"2026-01-29T12:30:25","modified_gmt":"2026-01-29T09:30:25","slug":"pixel","status":"publish","type":"product","link":"https:\/\/nextsnkr.com\/de\/produkt\/pixel\/","title":{"rendered":"Pixel Leder Sneaker-stilvoll und komfortabel f\u00fcr das t\u00e4gliche Tragen"},"content":{"rendered":"<h2>Pixel Leder Sneaker-stilvoll und komfortabel f\u00fcr das t\u00e4gliche Tragen<\/h2>\n<p>&nbsp;<\/p>\n<p>Die Pixel Sneakers sind aus echtem Leder gefertigt und garantieren Langlebigkeit und Komfort im t\u00e4glichen Gebrauch. Das Modell eignet sich f\u00fcr Outdoor-Aktivit\u00e4ten und den t\u00e4glichen Verschlei\u00df und kombiniert stilvolles Design und Funktionalit\u00e4t. Die Pixel bieten eine bequeme Passform und Unterst\u00fctzung f\u00fcr den Fu\u00df, und die vielseitige Farbe passt problemlos zu jeder Kleidung. W\u00e4hlen Sie ein Pixel f\u00fcr einen modischen Look und zuverl\u00e4ssigen Komfort jeden Tag.<\/p>\n","protected":false},"excerpt":{"rendered":"<p>Die Pixel Sneakers sind aus echtem Leder gefertigt und garantieren Langlebigkeit und Komfort im t\u00e4glichen Gebrauch. Das Modell eignet sich f\u00fcr Outdoor-Aktivit\u00e4ten und den t\u00e4glichen Verschlei\u00df und kombiniert stilvolles Design und Funktionalit\u00e4t. Die Pixel bieten eine bequeme Passform und Unterst\u00fctzung f\u00fcr den Fu\u00df, und die vielseitige Farbe passt problemlos zu jeder Kleidung. W\u00e4hlen Sie ein Pixel f\u00fcr einen modischen Look und zuverl\u00e4ssigen Komfort jeden Tag.<\/p>\n","protected":false},"featured_media":582937,"comment_status":"open","ping_status":"open","template":"","meta":[],"product_brand":[],"product_cat":[3225,3226],"product_tag":[],"class_list":{"0":"post-582936","1":"product","2":"type-product","3":"status-publish","4":"has-post-thumbnail","6":"product_cat-all-product","7":"product_cat-krosivky","8":"pa_rozmir-910","9":"pa_rozmir-912","10":"pa_rozmir-914","11":"pa_rozmir-915","12":"pa_rozmir-916","13":"pa_rozmir-917","14":"pa_rozmir-918","15":"pa_rozmir-919","16":"pa_rozmir-920","17":"pa_rozmir-921","18":"pa_rozmir-922","20":"first","21":"onbackorder","22":"purchasable","23":"product-type-variable"},"_links":{"self":[{"href":"https:\/\/nextsnkr.com\/de\/wp-json\/wp\/v2\/product\/582936","targetHints":{"allow":["GET"]}}],"collection":[{"href":"https:\/\/nextsnkr.com\/de\/wp-json\/wp\/v2\/product"}],"about":[{"href":"https:\/\/nextsnkr.com\/de\/wp-json\/wp\/v2\/types\/product"}],"replies":[{"embeddable":true,"href":"https:\/\/nextsnkr.com\/de\/wp-json\/wp\/v2\/comments?post=582936"}],"version-history":[{"count":0,"href":"https:\/\/nextsnkr.com\/de\/wp-json\/wp\/v2\/product\/582936\/revisions"}],"wp:featuredmedia":[{"embeddable":true,"href":"https:\/\/nextsnkr.com\/de\/wp-json\/wp\/v2\/media\/582937"}],"wp:attachment":[{"href":"https:\/\/nextsnkr.com\/de\/wp-json\/wp\/v2\/media?parent=582936"}],"wp:term":[{"taxonomy":"product_brand","embeddable":true,"href":"https:\/\/nextsnkr.com\/de\/wp-json\/wp\/v2\/product_brand?post=582936"},{"taxonomy":"product_cat","embeddable":true,"href":"https:\/\/nextsnkr.com\/de\/wp-json\/wp\/v2\/product_cat?post=582936"},{"taxonomy":"product_tag","embeddable":true,"href":"https:\/\/nextsnkr.com\/de\/wp-json\/wp\/v2\/product_tag?post=582936"}],"curies":[{"name":"wp","href":"https:\/\/api.w.org\/{rel}","templated":true}]}}