{"id":580898,"date":"2025-06-19T22:16:09","date_gmt":"2025-06-19T19:16:09","guid":{"rendered":"https:\/\/nextsnkr.com\/product\/adidas-xlg-runner-white-pink-mint\/"},"modified":"2026-01-29T12:29:25","modified_gmt":"2026-01-29T09:29:25","slug":"adidas-xlg-runner-white-pink-mint","status":"publish","type":"product","link":"https:\/\/nextsnkr.com\/de\/produkt\/adidas-xlg-runner-white-pink-mint\/","title":{"rendered":"ADIDAS XLG Runner White \/ Pink \/ Mint Sneakers aus Leder und Textil"},"content":{"rendered":"<h2>ADIDAS XLG Runner White \/ Pink \/ Mint Sneakers aus Leder und Textil<\/h2>\n<p>&nbsp;<\/p>\n<p>Die stylischen ADIDAS XLG Runner Sneakers kombinieren Leder und Textilien und bieten Komfort und Haltbarkeit f\u00fcr das t\u00e4gliche Tragen. Leicht und atmungsaktiv, sind sie ideal zum Wandern, Sport und Outdoor-Aktivit\u00e4ten. Eine helle Kombination aus Wei\u00df, Rosa und Minze macht das Bild modern und modern. W\u00e4hlen Sie den ADIDAS XLG Runner f\u00fcr jeden Tag Komfort und einen stilvollen Look.<\/p>\n","protected":false},"excerpt":{"rendered":"<p>Die stylischen ADIDAS XLG Runner Sneakers kombinieren Leder und Textilien und bieten Komfort und Haltbarkeit f\u00fcr das t\u00e4gliche Tragen. Leicht und atmungsaktiv, sind sie ideal zum Wandern, Sport und Outdoor-Aktivit\u00e4ten. Eine helle Kombination aus Wei\u00df, Rosa und Minze macht das Bild modern und modern. W\u00e4hlen Sie den ADIDAS XLG Runner f\u00fcr jeden Tag Komfort und einen stilvollen Look.<\/p>\n","protected":false},"featured_media":580899,"comment_status":"open","ping_status":"open","template":"","meta":[],"product_brand":[],"product_cat":[3225,3226],"product_tag":[],"class_list":{"0":"post-580898","1":"product","2":"type-product","3":"status-publish","4":"has-post-thumbnail","6":"product_cat-all-product","7":"product_cat-krosivky","8":"pa_rozmir-910","9":"pa_rozmir-912","10":"pa_rozmir-914","11":"pa_rozmir-915","12":"pa_rozmir-916","13":"pa_rozmir-917","14":"pa_rozmir-918","15":"pa_rozmir-919","16":"pa_rozmir-920","17":"pa_rozmir-921","18":"pa_rozmir-922","20":"first","21":"instock","22":"purchasable","23":"product-type-variable"},"_links":{"self":[{"href":"https:\/\/nextsnkr.com\/de\/wp-json\/wp\/v2\/product\/580898","targetHints":{"allow":["GET"]}}],"collection":[{"href":"https:\/\/nextsnkr.com\/de\/wp-json\/wp\/v2\/product"}],"about":[{"href":"https:\/\/nextsnkr.com\/de\/wp-json\/wp\/v2\/types\/product"}],"replies":[{"embeddable":true,"href":"https:\/\/nextsnkr.com\/de\/wp-json\/wp\/v2\/comments?post=580898"}],"version-history":[{"count":0,"href":"https:\/\/nextsnkr.com\/de\/wp-json\/wp\/v2\/product\/580898\/revisions"}],"wp:featuredmedia":[{"embeddable":true,"href":"https:\/\/nextsnkr.com\/de\/wp-json\/wp\/v2\/media\/580899"}],"wp:attachment":[{"href":"https:\/\/nextsnkr.com\/de\/wp-json\/wp\/v2\/media?parent=580898"}],"wp:term":[{"taxonomy":"product_brand","embeddable":true,"href":"https:\/\/nextsnkr.com\/de\/wp-json\/wp\/v2\/product_brand?post=580898"},{"taxonomy":"product_cat","embeddable":true,"href":"https:\/\/nextsnkr.com\/de\/wp-json\/wp\/v2\/product_cat?post=580898"},{"taxonomy":"product_tag","embeddable":true,"href":"https:\/\/nextsnkr.com\/de\/wp-json\/wp\/v2\/product_tag?post=580898"}],"curies":[{"name":"wp","href":"https:\/\/api.w.org\/{rel}","templated":true}]}}