{"id":580218,"date":"2025-06-19T22:20:07","date_gmt":"2025-06-19T19:20:07","guid":{"rendered":"https:\/\/nextsnkr.com\/product\/adidas-niteball-2-0-black-gum-premium\/"},"modified":"2026-01-29T12:28:52","modified_gmt":"2026-01-29T09:28:52","slug":"adidas-niteball-2-0-black-gum-premium","status":"publish","type":"product","link":"https:\/\/nextsnkr.com\/de\/produkt\/adidas-niteball-2-0-black-gum-premium\/","title":{"rendered":"ADIDAS NITEBALL 2.0 Black \/ Gum-Sneakers aus Wildleder und Leder"},"content":{"rendered":"<h2>ADIDAS NITEBALL 2.0 Black \/ Gum-Sneakers aus Wildleder und Leder<\/h2>\n<p>&nbsp;<\/p>\n<p>Die stilvollen ADIDAS NITEBALL 2.0 Sneaker in Schwarz mit einer Gummisohle sind aus echtem Wildleder und Leder mit reflektierenden Elementen gefertigt. Perfekt f\u00fcr das t\u00e4gliche Tragen und Outdoor-Aktivit\u00e4ten. Diese Premium ADIDAS Sneakers kombinieren Komfort, Haltbarkeit und modernes Design und unterstreichen Ihren Stil und Ihre Pers\u00f6nlichkeit unter allen Bedingungen.<\/p>\n","protected":false},"excerpt":{"rendered":"<p>Die stilvollen ADIDAS NITEBALL 2.0 Sneaker in Schwarz mit einer Gummisohle sind aus echtem Wildleder und Leder mit reflektierenden Elementen gefertigt. Perfekt f\u00fcr das t\u00e4gliche Tragen und Outdoor-Aktivit\u00e4ten. Diese Premium ADIDAS Sneakers kombinieren Komfort, Haltbarkeit und modernes Design und unterstreichen Ihren Stil und Ihre Pers\u00f6nlichkeit unter allen Bedingungen.<\/p>\n","protected":false},"featured_media":580219,"comment_status":"open","ping_status":"open","template":"","meta":[],"product_brand":[],"product_cat":[3225,3226],"product_tag":[],"class_list":{"0":"post-580218","1":"product","2":"type-product","3":"status-publish","4":"has-post-thumbnail","6":"product_cat-all-product","7":"product_cat-krosivky","8":"pa_rozmir-910","9":"pa_rozmir-912","10":"pa_rozmir-914","11":"pa_rozmir-915","12":"pa_rozmir-916","13":"pa_rozmir-917","14":"pa_rozmir-918","15":"pa_rozmir-919","16":"pa_rozmir-920","17":"pa_rozmir-921","18":"pa_rozmir-922","20":"first","21":"instock","22":"purchasable","23":"product-type-variable"},"_links":{"self":[{"href":"https:\/\/nextsnkr.com\/de\/wp-json\/wp\/v2\/product\/580218","targetHints":{"allow":["GET"]}}],"collection":[{"href":"https:\/\/nextsnkr.com\/de\/wp-json\/wp\/v2\/product"}],"about":[{"href":"https:\/\/nextsnkr.com\/de\/wp-json\/wp\/v2\/types\/product"}],"replies":[{"embeddable":true,"href":"https:\/\/nextsnkr.com\/de\/wp-json\/wp\/v2\/comments?post=580218"}],"version-history":[{"count":0,"href":"https:\/\/nextsnkr.com\/de\/wp-json\/wp\/v2\/product\/580218\/revisions"}],"wp:featuredmedia":[{"embeddable":true,"href":"https:\/\/nextsnkr.com\/de\/wp-json\/wp\/v2\/media\/580219"}],"wp:attachment":[{"href":"https:\/\/nextsnkr.com\/de\/wp-json\/wp\/v2\/media?parent=580218"}],"wp:term":[{"taxonomy":"product_brand","embeddable":true,"href":"https:\/\/nextsnkr.com\/de\/wp-json\/wp\/v2\/product_brand?post=580218"},{"taxonomy":"product_cat","embeddable":true,"href":"https:\/\/nextsnkr.com\/de\/wp-json\/wp\/v2\/product_cat?post=580218"},{"taxonomy":"product_tag","embeddable":true,"href":"https:\/\/nextsnkr.com\/de\/wp-json\/wp\/v2\/product_tag?post=580218"}],"curies":[{"name":"wp","href":"https:\/\/api.w.org\/{rel}","templated":true}]}}