{"id":579939,"date":"2025-06-19T22:23:39","date_gmt":"2025-06-19T19:23:39","guid":{"rendered":"https:\/\/nextsnkr.com\/product\/panama-fendi\/"},"modified":"2026-01-29T12:28:33","modified_gmt":"2026-01-29T09:28:33","slug":"panama-fendi","status":"publish","type":"product","link":"https:\/\/nextsnkr.com\/de\/produkt\/panama-fendi\/","title":{"rendered":"Panama Fendi Textil f\u00fcr Sommer und Reisen"},"content":{"rendered":"<h2>Panama Fendi Textil f\u00fcr Sommer und Reisen<\/h2>\n<p>&nbsp;<\/p>\n<p>Panama Fendi ist ein stilvolles Accessoire f\u00fcr Sonnenschutz und Komfort im Sommer. Hergestellt aus hochwertigen Textilien, bietet es Leichtigkeit, Atmungsaktivit\u00e4t und Haltbarkeit. Das elegante Design der Marke Fendi verleiht dem Bild einen luxuri\u00f6sen Akzent, und die universelle Farbe erm\u00f6glicht es Ihnen, Panama mit jeder Kleidung zu kombinieren. Eine ideale Wahl f\u00fcr Spazierg\u00e4nge, Reisen und Outdoor-Aktivit\u00e4ten im Freien.<\/p>\n","protected":false},"excerpt":{"rendered":"<p>Panama Fendi ist ein stilvolles Accessoire f\u00fcr Sonnenschutz und Komfort im Sommer. Hergestellt aus hochwertigen Textilien, bietet es Leichtigkeit, Atmungsaktivit\u00e4t und Haltbarkeit. Das elegante Design der Marke Fendi verleiht dem Bild einen luxuri\u00f6sen Akzent, und die universelle Farbe erm\u00f6glicht es Ihnen, Panama mit jeder Kleidung zu kombinieren. Eine ideale Wahl f\u00fcr Spazierg\u00e4nge, Reisen und Outdoor-Aktivit\u00e4ten im Freien.<\/p>\n","protected":false},"featured_media":579940,"comment_status":"open","ping_status":"open","template":"","meta":[],"product_brand":[],"product_cat":[3225],"product_tag":[],"class_list":{"0":"post-579939","1":"product","2":"type-product","3":"status-publish","4":"has-post-thumbnail","6":"product_cat-all-product","7":"pa_rozmir-one-size","9":"first","10":"instock","11":"purchasable","12":"product-type-simple"},"_links":{"self":[{"href":"https:\/\/nextsnkr.com\/de\/wp-json\/wp\/v2\/product\/579939","targetHints":{"allow":["GET"]}}],"collection":[{"href":"https:\/\/nextsnkr.com\/de\/wp-json\/wp\/v2\/product"}],"about":[{"href":"https:\/\/nextsnkr.com\/de\/wp-json\/wp\/v2\/types\/product"}],"replies":[{"embeddable":true,"href":"https:\/\/nextsnkr.com\/de\/wp-json\/wp\/v2\/comments?post=579939"}],"version-history":[{"count":0,"href":"https:\/\/nextsnkr.com\/de\/wp-json\/wp\/v2\/product\/579939\/revisions"}],"wp:featuredmedia":[{"embeddable":true,"href":"https:\/\/nextsnkr.com\/de\/wp-json\/wp\/v2\/media\/579940"}],"wp:attachment":[{"href":"https:\/\/nextsnkr.com\/de\/wp-json\/wp\/v2\/media?parent=579939"}],"wp:term":[{"taxonomy":"product_brand","embeddable":true,"href":"https:\/\/nextsnkr.com\/de\/wp-json\/wp\/v2\/product_brand?post=579939"},{"taxonomy":"product_cat","embeddable":true,"href":"https:\/\/nextsnkr.com\/de\/wp-json\/wp\/v2\/product_cat?post=579939"},{"taxonomy":"product_tag","embeddable":true,"href":"https:\/\/nextsnkr.com\/de\/wp-json\/wp\/v2\/product_tag?post=579939"}],"curies":[{"name":"wp","href":"https:\/\/api.w.org\/{rel}","templated":true}]}}