{"id":579315,"date":"2025-06-19T23:09:06","date_gmt":"2025-06-19T20:09:06","guid":{"rendered":"https:\/\/nextsnkr.com\/product\/1906r-red-white\/"},"modified":"2026-01-29T12:28:18","modified_gmt":"2026-01-29T09:28:18","slug":"1906r-red-white","status":"publish","type":"product","link":"https:\/\/nextsnkr.com\/de\/produkt\/1906r-red-white\/","title":{"rendered":"Turnschuhe 19006r Rot \/ Wei\u00df Leder-Textil-stylisch"},"content":{"rendered":"<h2>Turnschuhe 19006r Rot \/ Wei\u00df Leder-Textil-stylisch<\/h2>\n<p>&nbsp;<\/p>\n<p>Die 19006r Red \/ White Sneakers sind aus hochwertigem Leder und Textilien gefertigt, was Komfort und Haltbarkeit bietet. Das Modell eignet sich f\u00fcr das t\u00e4gliche Tragen und Outdoor-Aktivit\u00e4ten und kombiniert ein helles Design und einen sicheren Halt des Fu\u00dfes. Eine ideale Wahl f\u00fcr diejenigen, die Stil, Qualit\u00e4t und Praktikabilit\u00e4t in Alltagsschuhen sch\u00e4tzen.<\/p>\n","protected":false},"excerpt":{"rendered":"<p>Die 19006r Red \/ White Sneakers sind aus hochwertigem Leder und Textilien gefertigt, was Komfort und Haltbarkeit bietet. Das Modell eignet sich f\u00fcr das t\u00e4gliche Tragen und Outdoor-Aktivit\u00e4ten und kombiniert ein helles Design und einen sicheren Halt des Fu\u00dfes. Eine ideale Wahl f\u00fcr diejenigen, die Stil, Qualit\u00e4t und Praktikabilit\u00e4t in Alltagsschuhen sch\u00e4tzen.<\/p>\n","protected":false},"featured_media":579316,"comment_status":"open","ping_status":"open","template":"","meta":[],"product_brand":[],"product_cat":[3225,3226],"product_tag":[],"class_list":{"0":"post-579315","1":"product","2":"type-product","3":"status-publish","4":"has-post-thumbnail","6":"product_cat-all-product","7":"product_cat-krosivky","8":"pa_rozmir-910","9":"pa_rozmir-912","10":"pa_rozmir-914","11":"pa_rozmir-915","12":"pa_rozmir-916","13":"pa_rozmir-917","14":"pa_rozmir-918","15":"pa_rozmir-919","16":"pa_rozmir-920","17":"pa_rozmir-921","18":"pa_rozmir-922","20":"first","21":"instock","22":"purchasable","23":"product-type-variable"},"_links":{"self":[{"href":"https:\/\/nextsnkr.com\/de\/wp-json\/wp\/v2\/product\/579315","targetHints":{"allow":["GET"]}}],"collection":[{"href":"https:\/\/nextsnkr.com\/de\/wp-json\/wp\/v2\/product"}],"about":[{"href":"https:\/\/nextsnkr.com\/de\/wp-json\/wp\/v2\/types\/product"}],"replies":[{"embeddable":true,"href":"https:\/\/nextsnkr.com\/de\/wp-json\/wp\/v2\/comments?post=579315"}],"version-history":[{"count":0,"href":"https:\/\/nextsnkr.com\/de\/wp-json\/wp\/v2\/product\/579315\/revisions"}],"wp:featuredmedia":[{"embeddable":true,"href":"https:\/\/nextsnkr.com\/de\/wp-json\/wp\/v2\/media\/579316"}],"wp:attachment":[{"href":"https:\/\/nextsnkr.com\/de\/wp-json\/wp\/v2\/media?parent=579315"}],"wp:term":[{"taxonomy":"product_brand","embeddable":true,"href":"https:\/\/nextsnkr.com\/de\/wp-json\/wp\/v2\/product_brand?post=579315"},{"taxonomy":"product_cat","embeddable":true,"href":"https:\/\/nextsnkr.com\/de\/wp-json\/wp\/v2\/product_cat?post=579315"},{"taxonomy":"product_tag","embeddable":true,"href":"https:\/\/nextsnkr.com\/de\/wp-json\/wp\/v2\/product_tag?post=579315"}],"curies":[{"name":"wp","href":"https:\/\/api.w.org\/{rel}","templated":true}]}}