{"id":578465,"date":"2025-06-23T08:58:59","date_gmt":"2025-06-23T05:58:59","guid":{"rendered":"https:\/\/nextsnkr.com\/product\/valentino-garavani-white\/"},"modified":"2026-01-29T12:27:51","modified_gmt":"2026-01-29T09:27:51","slug":"valentino-garavani-white","status":"publish","type":"product","link":"https:\/\/nextsnkr.com\/de\/produkt\/valentino-garavani-white\/","title":{"rendered":"Valentino Garavani White Sneakers aus echtem Leder f\u00fcr einen stilvollen Look"},"content":{"rendered":"<h2>Valentino Garavani White Sneakers aus echtem Leder f\u00fcr einen stilvollen Look<\/h2>\n<p>&nbsp;<\/p>\n<p>Die Valentino Garavani White Sneakers kombinieren hochwertiges, nat\u00fcrliches Leder und ein modernes Design der Marke Valentino Garavani. Sie bieten Komfort und Haltbarkeit und betonen die Eleganz und den Stil Ihres Alltagsbildes. Perfekt f\u00fcr das t\u00e4gliche Tragen und den urbanen Stil, l\u00e4sst sich leicht mit jedem Kleiderschrank kombinieren und verleiht jedem Schritt einen Hauch von Luxus und Individualit\u00e4t.<\/p>\n","protected":false},"excerpt":{"rendered":"<p>Die Valentino Garavani White Sneakers kombinieren hochwertiges, nat\u00fcrliches Leder und ein modernes Design der Marke Valentino Garavani. Sie bieten Komfort und Haltbarkeit und betonen die Eleganz und den Stil Ihres Alltagsbildes. Perfekt f\u00fcr das t\u00e4gliche Tragen und den urbanen Stil, l\u00e4sst sich leicht mit jedem Kleiderschrank kombinieren und verleiht jedem Schritt einen Hauch von Luxus und Individualit\u00e4t.<\/p>\n","protected":false},"featured_media":578466,"comment_status":"open","ping_status":"open","template":"","meta":[],"product_brand":[],"product_cat":[3225,3226],"product_tag":[],"class_list":{"0":"post-578465","1":"product","2":"type-product","3":"status-publish","4":"has-post-thumbnail","6":"product_cat-all-product","7":"product_cat-krosivky","8":"pa_rozmir-910","9":"pa_rozmir-912","10":"pa_rozmir-914","11":"pa_rozmir-915","12":"pa_rozmir-916","13":"pa_rozmir-917","14":"pa_rozmir-918","15":"pa_rozmir-919","16":"pa_rozmir-920","17":"pa_rozmir-921","18":"pa_rozmir-922","20":"first","21":"instock","22":"purchasable","23":"product-type-variable"},"_links":{"self":[{"href":"https:\/\/nextsnkr.com\/de\/wp-json\/wp\/v2\/product\/578465","targetHints":{"allow":["GET"]}}],"collection":[{"href":"https:\/\/nextsnkr.com\/de\/wp-json\/wp\/v2\/product"}],"about":[{"href":"https:\/\/nextsnkr.com\/de\/wp-json\/wp\/v2\/types\/product"}],"replies":[{"embeddable":true,"href":"https:\/\/nextsnkr.com\/de\/wp-json\/wp\/v2\/comments?post=578465"}],"version-history":[{"count":0,"href":"https:\/\/nextsnkr.com\/de\/wp-json\/wp\/v2\/product\/578465\/revisions"}],"wp:featuredmedia":[{"embeddable":true,"href":"https:\/\/nextsnkr.com\/de\/wp-json\/wp\/v2\/media\/578466"}],"wp:attachment":[{"href":"https:\/\/nextsnkr.com\/de\/wp-json\/wp\/v2\/media?parent=578465"}],"wp:term":[{"taxonomy":"product_brand","embeddable":true,"href":"https:\/\/nextsnkr.com\/de\/wp-json\/wp\/v2\/product_brand?post=578465"},{"taxonomy":"product_cat","embeddable":true,"href":"https:\/\/nextsnkr.com\/de\/wp-json\/wp\/v2\/product_cat?post=578465"},{"taxonomy":"product_tag","embeddable":true,"href":"https:\/\/nextsnkr.com\/de\/wp-json\/wp\/v2\/product_tag?post=578465"}],"curies":[{"name":"wp","href":"https:\/\/api.w.org\/{rel}","templated":true}]}}