{"id":578125,"date":"2025-06-23T09:00:44","date_gmt":"2025-06-23T06:00:44","guid":{"rendered":"https:\/\/nextsnkr.com\/product\/valentino-garavani-logo-cream-fur\/"},"modified":"2026-01-29T12:27:43","modified_gmt":"2026-01-29T09:27:43","slug":"valentino-garavani-logo-cream-fur","status":"publish","type":"product","link":"https:\/\/nextsnkr.com\/de\/produkt\/valentino-garavani-logo-cream-fur\/","title":{"rendered":"Valentino Garavani logo Cream Fur Sneakers aus echtem Leder"},"content":{"rendered":"<h2>Valentino Garavani logo Cream Fur Sneakers aus echtem Leder<\/h2>\n<p>&nbsp;<\/p>\n<p>Die Valentino Garavani logo Cream Fur Sneakers sind aus hochwertigem echtem Leder gefertigt und kombinieren Stil und Komfort. Der cremefarbene Farbton und das Markenlogo sorgen f\u00fcr ein elegantes, modernes Bild. das robuste Design bietet Komfort beim t\u00e4glichen Tragen, und das Material garantiert Haltbarkeit und Verschlei\u00dffestigkeit. Eine ideale Wahl f\u00fcr diejenigen, die Premium-Design und Komfort im t\u00e4glichen Leben sch\u00e4tzen.<\/p>\n","protected":false},"excerpt":{"rendered":"<p>Die Valentino Garavani logo Cream Fur Sneakers sind aus hochwertigem echtem Leder gefertigt und kombinieren Stil und Komfort. Der cremefarbene Farbton und das Markenlogo sorgen f\u00fcr ein elegantes, modernes Bild. das robuste Design bietet Komfort beim t\u00e4glichen Tragen, und das Material garantiert Haltbarkeit und Verschlei\u00dffestigkeit. Eine ideale Wahl f\u00fcr diejenigen, die Premium-Design und Komfort im t\u00e4glichen Leben sch\u00e4tzen.<\/p>\n","protected":false},"featured_media":578126,"comment_status":"open","ping_status":"open","template":"","meta":[],"product_brand":[],"product_cat":[3225],"product_tag":[],"class_list":{"0":"post-578125","1":"product","2":"type-product","3":"status-publish","4":"has-post-thumbnail","6":"product_cat-all-product","7":"pa_rozmir-910","8":"pa_rozmir-912","9":"pa_rozmir-914","10":"pa_rozmir-915","11":"pa_rozmir-916","12":"pa_rozmir-917","13":"pa_rozmir-918","14":"pa_rozmir-919","15":"pa_rozmir-920","16":"pa_rozmir-921","17":"pa_rozmir-922","19":"first","20":"instock","21":"purchasable","22":"product-type-variable"},"_links":{"self":[{"href":"https:\/\/nextsnkr.com\/de\/wp-json\/wp\/v2\/product\/578125","targetHints":{"allow":["GET"]}}],"collection":[{"href":"https:\/\/nextsnkr.com\/de\/wp-json\/wp\/v2\/product"}],"about":[{"href":"https:\/\/nextsnkr.com\/de\/wp-json\/wp\/v2\/types\/product"}],"replies":[{"embeddable":true,"href":"https:\/\/nextsnkr.com\/de\/wp-json\/wp\/v2\/comments?post=578125"}],"version-history":[{"count":0,"href":"https:\/\/nextsnkr.com\/de\/wp-json\/wp\/v2\/product\/578125\/revisions"}],"wp:featuredmedia":[{"embeddable":true,"href":"https:\/\/nextsnkr.com\/de\/wp-json\/wp\/v2\/media\/578126"}],"wp:attachment":[{"href":"https:\/\/nextsnkr.com\/de\/wp-json\/wp\/v2\/media?parent=578125"}],"wp:term":[{"taxonomy":"product_brand","embeddable":true,"href":"https:\/\/nextsnkr.com\/de\/wp-json\/wp\/v2\/product_brand?post=578125"},{"taxonomy":"product_cat","embeddable":true,"href":"https:\/\/nextsnkr.com\/de\/wp-json\/wp\/v2\/product_cat?post=578125"},{"taxonomy":"product_tag","embeddable":true,"href":"https:\/\/nextsnkr.com\/de\/wp-json\/wp\/v2\/product_tag?post=578125"}],"curies":[{"name":"wp","href":"https:\/\/api.w.org\/{rel}","templated":true}]}}